{"id":219,"date":"2019-05-21T08:27:10","date_gmt":"2019-05-21T08:27:10","guid":{"rendered":"http:\/\/jonpult.undefiniert.ch\/?page_id=219"},"modified":"2025-07-28T15:30:34","modified_gmt":"2025-07-28T13:30:34","slug":"politik","status":"publish","type":"page","link":"https:\/\/jonpult.ch\/it\/politik\/","title":{"rendered":"Politica"},"content":{"rendered":"\n<h2 class=\"wp-block-heading\">Le mie priorit\u00e0<\/h2>\n\n\n\n<p>Sono guidato dalla convinzione che il progresso sia possibile per tutti. Ci\u00f2 richiede soluzioni coraggiose. Ecco perch\u00e9 mi impegno per una Svizzera sociale, ecologica e aperta con queste priorit\u00e0:  <\/p>\n\n\n\n<div style=\"height:34px\" aria-hidden=\"true\" class=\"wp-block-spacer\"><\/div>\n\n\n\n<h3 class=\"wp-block-heading\">La Svizzera sociale ha bisogno di&#8230;<\/h3>\n\n\n\n<div style=\"height:10px\" aria-hidden=\"true\" class=\"wp-block-spacer\"><\/div>\n\n\n\n<div class=\"wp-block-stackable-columns stk-block-columns stk-block stk-b64247d\" data-block-id=\"b64247d\"><style>.stk-b64247d {margin-bottom:0px !important;}<\/style><div class=\"stk-row stk-inner-blocks stk-block-content stk-content-align stk-b64247d-column\">\n<div class=\"wp-block-stackable-column stk-block-column stk-column stk-block stk-8d0a6cf\" data-v=\"4\" data-block-id=\"8d0a6cf\"><div class=\"stk-column-wrapper stk-block-column__content stk-container stk-8d0a6cf-container stk--no-background stk--no-padding\"><div class=\"stk-block-content stk-inner-blocks stk-8d0a6cf-inner-blocks\">\n<div class=\"wp-block-stackable-icon-list stk-block-icon-list has-text-color stk-block stk-9e0b764\" data-block-id=\"9e0b764\"><style>.stk-9e0b764 .stk-block-icon-list-item__content{gap:20px !important;align-items:center !important;margin-inline:0 auto !important;}.stk-9e0b764 {--stk-icon-list-row-gap:25px !important;--stk-icon-list-icon-size:40px !important;margin-bottom:0px !important;}.stk-9e0b764 .wp-block-stackable-icon-list-item:not(:nth-last-child(-n + 1))::after{border-width:0px !important;}.stk-9e0b764 ul li, .stk-9e0b764 ol li, .stk-9e0b764 ul li span, .stk-9e0b764 ol li span{color:#000000 !important;}<\/style><svg style=\"display:none\"><defs><g id=\"stk-icon-list__icon-svg-def-9e0b764\"><svg xmlns=\"http:\/\/www.w3.org\/2000\/svg\" viewbox=\"0 0 512 512\"><path d=\"M256 512A256 256 0 1 0 256 0a256 256 0 1 0 0 512zM369 209L241 337c-9.4 9.4-24.6 9.4-33.9 0l-64-64c-9.4-9.4-9.4-24.6 0-33.9s24.6-9.4 33.9 0l47 47L335 175c9.4-9.4 24.6-9.4 33.9 0s9.4 24.6 0 33.9z\"\/><\/svg><\/g><\/defs><\/svg><ul class=\"stk-block-icon-list__ul stk-block-icon-list--column\">\n<li class=\"wp-block-stackable-icon-list-item stk-block-icon-list-item stk-block stk-6e3f211\" data-block-id=\"6e3f211\"><div class=\"stk-block-icon-list-item__content\"><span class=\"stk--svg-wrapper\"><div class=\"stk--inner-svg\"><svg aria-hidden=\"true\" width=\"32\" height=\"32\"><use xlink:href=\"#stk-icon-list__icon-svg-def-9e0b764\"\/><\/svg><\/div><\/span><span class=\"stk-block-icon-list-item__text\">&#8230; salari equi e buone pensioni.<\/span><\/div><\/li>\n\n\n\n<li class=\"wp-block-stackable-icon-list-item stk-block-icon-list-item stk-block stk-ef5fc37\" data-block-id=\"ef5fc37\"><div class=\"stk-block-icon-list-item__content\"><span class=\"stk--svg-wrapper\"><div class=\"stk--inner-svg\"><svg aria-hidden=\"true\" width=\"32\" height=\"32\"><use xlink:href=\"#stk-icon-list__icon-svg-def-9e0b764\"\/><\/svg><\/div><\/span><span class=\"stk-block-icon-list-item__text\">&#8230; affitti pi\u00f9 bassi e residenze primarie pi\u00f9 accessibili.<\/span><\/div><\/li>\n\n\n\n<li class=\"wp-block-stackable-icon-list-item stk-block-icon-list-item stk-block stk-2af254e\" data-block-id=\"2af254e\"><div class=\"stk-block-icon-list-item__content\"><span class=\"stk--svg-wrapper\"><div class=\"stk--inner-svg\"><svg aria-hidden=\"true\" width=\"32\" height=\"32\"><use xlink:href=\"#stk-icon-list__icon-svg-def-9e0b764\"\/><\/svg><\/div><\/span><span class=\"stk-block-icon-list-item__text\">&#8230;sgravi per i premi dell&#8217;assicurazione sanitaria.<\/span><\/div><\/li>\n\n\n\n<li class=\"wp-block-stackable-icon-list-item stk-block-icon-list-item stk-block stk-fd20639\" data-block-id=\"fd20639\"><div class=\"stk-block-icon-list-item__content\"><span class=\"stk--svg-wrapper\"><div class=\"stk--inner-svg\"><svg aria-hidden=\"true\" width=\"32\" height=\"32\"><use xlink:href=\"#stk-icon-list__icon-svg-def-9e0b764\"\/><\/svg><\/div><\/span><span class=\"stk-block-icon-list-item__text\">&#8230;pi\u00f9 asili nido e pi\u00f9 economici.<\/span><\/div><\/li>\n<\/ul><\/div>\n<\/div><\/div><\/div>\n<\/div><\/div>\n\n\n\n<div style=\"height:34px\" aria-hidden=\"true\" class=\"wp-block-spacer\"><\/div>\n\n\n\n<h3 class=\"wp-block-heading\">Una Svizzera ecologica ha bisogno di&#8230;<\/h3>\n\n\n\n<div style=\"height:10px\" aria-hidden=\"true\" class=\"wp-block-spacer\"><\/div>\n\n\n\n<div class=\"wp-block-stackable-columns stk-block-columns stk-block stk-e1a32d2\" data-block-id=\"e1a32d2\"><style>.stk-e1a32d2 {margin-bottom:0px !important;}<\/style><div class=\"stk-row stk-inner-blocks stk-block-content stk-content-align stk-e1a32d2-column\">\n<div class=\"wp-block-stackable-column stk-block-column stk-column stk-block stk-a0ac586\" data-v=\"4\" data-block-id=\"a0ac586\"><div class=\"stk-column-wrapper stk-block-column__content stk-container stk-a0ac586-container stk--no-background stk--no-padding\"><div class=\"stk-block-content stk-inner-blocks stk-a0ac586-inner-blocks\">\n<div class=\"wp-block-stackable-icon-list stk-block-icon-list has-text-color stk-block stk-ec80027\" data-block-id=\"ec80027\"><style>.stk-ec80027 .stk-block-icon-list-item__content{gap:20px !important;align-items:center !important;margin-inline:0 auto !important;}.stk-ec80027 {--stk-icon-list-row-gap:25px !important;--stk-icon-list-icon-size:40px !important;margin-bottom:0px !important;}.stk-ec80027 .wp-block-stackable-icon-list-item:not(:nth-last-child(-n + 1))::after{border-width:0px !important;}.stk-ec80027 ul li, .stk-ec80027 ol li, .stk-ec80027 ul li span, .stk-ec80027 ol li span{color:#000000 !important;}<\/style><svg style=\"display:none\"><defs><g id=\"stk-icon-list__icon-svg-def-ec80027\"><svg xmlns=\"http:\/\/www.w3.org\/2000\/svg\" viewbox=\"0 0 512 512\"><path d=\"M256 512A256 256 0 1 0 256 0a256 256 0 1 0 0 512zM369 209L241 337c-9.4 9.4-24.6 9.4-33.9 0l-64-64c-9.4-9.4-9.4-24.6 0-33.9s24.6-9.4 33.9 0l47 47L335 175c9.4-9.4 24.6-9.4 33.9 0s9.4 24.6 0 33.9z\"\/><\/svg><\/g><\/defs><\/svg><ul class=\"stk-block-icon-list__ul stk-block-icon-list--column\">\n<li class=\"wp-block-stackable-icon-list-item stk-block-icon-list-item stk-block stk-150309f\" data-block-id=\"150309f\"><div class=\"stk-block-icon-list-item__content\"><span class=\"stk--svg-wrapper\"><div class=\"stk--inner-svg\"><svg aria-hidden=\"true\" width=\"32\" height=\"32\"><use xlink:href=\"#stk-icon-list__icon-svg-def-ec80027\"\/><\/svg><\/div><\/span><span class=\"stk-block-icon-list-item__text\">&#8230; investimenti coraggiosi nella riorganizzazione ecologica della Svizzera.<\/span><\/div><\/li>\n\n\n\n<li class=\"wp-block-stackable-icon-list-item stk-block-icon-list-item stk-block stk-cddadb1\" data-block-id=\"cddadb1\"><div class=\"stk-block-icon-list-item__content\"><span class=\"stk--svg-wrapper\"><div class=\"stk--inner-svg\"><svg aria-hidden=\"true\" width=\"32\" height=\"32\"><use xlink:href=\"#stk-icon-list__icon-svg-def-ec80027\"\/><\/svg><\/div><\/span><span class=\"stk-block-icon-list-item__text\">&#8230; un&#8217;espansione del trasporto pubblico.<\/span><\/div><\/li>\n\n\n\n<li class=\"wp-block-stackable-icon-list-item stk-block-icon-list-item stk-block stk-1ed43a1\" data-block-id=\"1ed43a1\"><div class=\"stk-block-icon-list-item__content\"><span class=\"stk--svg-wrapper\"><div class=\"stk--inner-svg\"><svg aria-hidden=\"true\" width=\"32\" height=\"32\"><use xlink:href=\"#stk-icon-list__icon-svg-def-ec80027\"\/><\/svg><\/div><\/span><span class=\"stk-block-icon-list-item__text\">&#8230; una rapida transizione energetica con una vera e propria offensiva solare e senza centrali nucleari.<\/span><\/div><\/li>\n\n\n\n<li class=\"wp-block-stackable-icon-list-item stk-block-icon-list-item stk-block stk-8fceec1\" data-block-id=\"8fceec1\"><div class=\"stk-block-icon-list-item__content\"><span class=\"stk--svg-wrapper\"><div class=\"stk--inner-svg\"><svg aria-hidden=\"true\" width=\"32\" height=\"32\"><use xlink:href=\"#stk-icon-list__icon-svg-def-ec80027\"\/><\/svg><\/div><\/span><span class=\"stk-block-icon-list-item__text\">&#8230;un centro finanziario ecologico che esca dal business della CO2.<\/span><\/div><\/li>\n<\/ul><\/div>\n<\/div><\/div><\/div>\n<\/div><\/div>\n\n\n\n<div style=\"height:34px\" aria-hidden=\"true\" class=\"wp-block-spacer\"><\/div>\n\n\n\n<h3 class=\"wp-block-heading\">Una Svizzera aperta ha bisogno di&#8230;<\/h3>\n\n\n\n<div style=\"height:10px\" aria-hidden=\"true\" class=\"wp-block-spacer\"><\/div>\n\n\n\n<div class=\"wp-block-stackable-columns stk-block-columns stk-block stk-6c186d7\" data-block-id=\"6c186d7\"><style>.stk-6c186d7 {margin-bottom:0px !important;}<\/style><div class=\"stk-row stk-inner-blocks stk-block-content stk-content-align stk-6c186d7-column\">\n<div class=\"wp-block-stackable-column stk-block-column stk-column stk-block stk-668c46c\" data-v=\"4\" data-block-id=\"668c46c\"><div class=\"stk-column-wrapper stk-block-column__content stk-container stk-668c46c-container stk--no-background stk--no-padding\"><div class=\"stk-block-content stk-inner-blocks stk-668c46c-inner-blocks\">\n<div class=\"wp-block-stackable-icon-list stk-block-icon-list has-text-color stk-block stk-4a28662\" data-block-id=\"4a28662\"><style>.stk-4a28662 .stk-block-icon-list-item__content{gap:20px !important;align-items:center !important;margin-inline:0 auto !important;}.stk-4a28662 {--stk-icon-list-row-gap:25px !important;--stk-icon-list-icon-size:40px !important;margin-bottom:0px !important;}.stk-4a28662 .wp-block-stackable-icon-list-item:not(:nth-last-child(-n + 1))::after{border-width:0px !important;}.stk-4a28662 ul li, .stk-4a28662 ol li, .stk-4a28662 ul li span, .stk-4a28662 ol li span{color:#000000 !important;}<\/style><svg style=\"display:none\"><defs><g id=\"stk-icon-list__icon-svg-def-4a28662\"><svg xmlns=\"http:\/\/www.w3.org\/2000\/svg\" viewbox=\"0 0 512 512\"><path d=\"M256 512A256 256 0 1 0 256 0a256 256 0 1 0 0 512zM369 209L241 337c-9.4 9.4-24.6 9.4-33.9 0l-64-64c-9.4-9.4-9.4-24.6 0-33.9s24.6-9.4 33.9 0l47 47L335 175c9.4-9.4 24.6-9.4 33.9 0s9.4 24.6 0 33.9z\"\/><\/svg><\/g><\/defs><\/svg><ul class=\"stk-block-icon-list__ul stk-block-icon-list--column\">\n<li class=\"wp-block-stackable-icon-list-item stk-block-icon-list-item stk-block stk-c3e571d\" data-block-id=\"c3e571d\"><div class=\"stk-block-icon-list-item__content\"><span class=\"stk--svg-wrapper\"><div class=\"stk--inner-svg\"><svg aria-hidden=\"true\" width=\"32\" height=\"32\"><use xlink:href=\"#stk-icon-list__icon-svg-def-4a28662\"\/><\/svg><\/div><\/span><span class=\"stk-block-icon-list-item__text\">&#8230;una maggiore integrazione europea del nostro paese e una maggiore coesione in Europa.<\/span><\/div><\/li>\n\n\n\n<li class=\"wp-block-stackable-icon-list-item stk-block-icon-list-item stk-block stk-0abc74d\" data-block-id=\"0abc74d\"><div class=\"stk-block-icon-list-item__content\"><span class=\"stk--svg-wrapper\"><div class=\"stk--inner-svg\"><svg aria-hidden=\"true\" width=\"32\" height=\"32\"><use xlink:href=\"#stk-icon-list__icon-svg-def-4a28662\"\/><\/svg><\/div><\/span><span class=\"stk-block-icon-list-item__text\">&#8230; libert\u00e0 di movimento in Europa, una politica di asilo umana e diritti umani per tutti.<\/span><\/div><\/li>\n\n\n\n<li class=\"wp-block-stackable-icon-list-item stk-block-icon-list-item stk-block stk-159fbf8\" data-block-id=\"159fbf8\"><div class=\"stk-block-icon-list-item__content\"><span class=\"stk--svg-wrapper\"><div class=\"stk--inner-svg\"><svg aria-hidden=\"true\" width=\"32\" height=\"32\"><use xlink:href=\"#stk-icon-list__icon-svg-def-4a28662\"\/><\/svg><\/div><\/span><span class=\"stk-block-icon-list-item__text\">&#8230; piena solidariet\u00e0 all&#8217;Ucraina nella lotta contro l&#8217;imperialismo russo.<\/span><\/div><\/li>\n\n\n\n<li class=\"wp-block-stackable-icon-list-item stk-block-icon-list-item stk-block stk-76716b3\" data-block-id=\"76716b3\"><div class=\"stk-block-icon-list-item__content\"><span class=\"stk--svg-wrapper\"><div class=\"stk--inner-svg\"><svg aria-hidden=\"true\" width=\"32\" height=\"32\"><use xlink:href=\"#stk-icon-list__icon-svg-def-4a28662\"\/><\/svg><\/div><\/span><span class=\"stk-block-icon-list-item__text\">&#8230;una politica estera sempre orientata al diritto internazionale e che non abusi della &#8220;neutralit\u00e0&#8221; come modello di business opportunistico.<\/span><\/div><\/li>\n<\/ul><\/div>\n<\/div><\/div><\/div>\n<\/div><\/div>\n\n\n\n<div style=\"height:34px\" aria-hidden=\"true\" class=\"wp-block-spacer\"><\/div>\n\n\n\n<p>Puoi trovare maggiori informazioni sul mio lavoro politico nel Consiglio Nazionale sul <a href=\"https:\/\/www.parlament.ch\/de\/biografie\/jon-pult\/4281\">sito web del Parlamento<\/a>.<\/p>\n\n\n\n<p><\/p>\n","protected":false},"excerpt":{"rendered":"<p>Le mie priorit\u00e0 Sono guidato dalla convinzione che il progresso sia possibile per tutti. Ci\u00f2 richiede soluzioni coraggiose. Ecco perch\u00e9 mi impegno per una Svizzera sociale, ecologica e aperta con queste priorit\u00e0: La Svizzera sociale ha bisogno di&#8230; Una Svizzera ecologica ha bisogno di&#8230; Una Svizzera aperta ha bisogno di&#8230; Puoi trovare maggiori informazioni sul [&hellip;]<\/p>\n","protected":false},"author":1,"featured_media":0,"parent":0,"menu_order":0,"comment_status":"closed","ping_status":"closed","template":"","meta":{"_acf_changed":false,"inline_featured_image":false,"footnotes":""},"class_list":["post-219","page","type-page","status-publish","hentry"],"acf":[],"_links":{"self":[{"href":"https:\/\/jonpult.ch\/it\/wp-json\/wp\/v2\/pages\/219","targetHints":{"allow":["GET"]}}],"collection":[{"href":"https:\/\/jonpult.ch\/it\/wp-json\/wp\/v2\/pages"}],"about":[{"href":"https:\/\/jonpult.ch\/it\/wp-json\/wp\/v2\/types\/page"}],"author":[{"embeddable":true,"href":"https:\/\/jonpult.ch\/it\/wp-json\/wp\/v2\/users\/1"}],"replies":[{"embeddable":true,"href":"https:\/\/jonpult.ch\/it\/wp-json\/wp\/v2\/comments?post=219"}],"version-history":[{"count":11,"href":"https:\/\/jonpult.ch\/it\/wp-json\/wp\/v2\/pages\/219\/revisions"}],"predecessor-version":[{"id":5360,"href":"https:\/\/jonpult.ch\/it\/wp-json\/wp\/v2\/pages\/219\/revisions\/5360"}],"wp:attachment":[{"href":"https:\/\/jonpult.ch\/it\/wp-json\/wp\/v2\/media?parent=219"}],"curies":[{"name":"wp","href":"https:\/\/api.w.org\/{rel}","templated":true}]}}