{"id":215,"date":"2019-05-23T09:42:37","date_gmt":"2019-05-23T09:42:37","guid":{"rendered":"http:\/\/jonpult.undefiniert.ch\/?page_id=215"},"modified":"2025-07-28T13:56:41","modified_gmt":"2025-07-28T11:56:41","slug":"chi-sono","status":"publish","type":"page","link":"https:\/\/jonpult.ch\/it\/chi-sono\/","title":{"rendered":"Su di me"},"content":{"rendered":"\n<div class=\"wp-block-stackable-columns alignfull stk-block-columns stk-block stk-d6ae916 stk-block-background stk-entrance\" data-block-id=\"d6ae916\"><style>.stk-d6ae916 {background-color:#eef4f9 !important;align-items:center !important;padding-top:75px !important;padding-right:175px !important;padding-bottom:75px !important;padding-left:175px !important;margin-bottom:0px !important;display:flex !important;--entrance-transform:translateY(0px) !important;}.stk-d6ae916:before{background-color:#eef4f9 !important;}.stk-d6ae916-column{--stk-column-gap:30px !important;}@media screen and (max-width: 767px){.stk-d6ae916 {padding-top:50px !important;padding-right:20px !important;padding-bottom:50px !important;padding-left:20px !important;margin-right:0px !important;margin-bottom:0px !important;margin-left:0px !important;--stk-col-order-1:2 !important;--stk-col-order-2:1 !important;}}<\/style><div class=\"stk-row stk-inner-blocks stk-block-content stk-content-align stk-d6ae916-column alignfull\">\n<div class=\"wp-block-stackable-column stk-block-column stk-column stk-block stk-cfd7156\" data-v=\"4\" data-block-id=\"cfd7156\"><style>.stk-cfd7156 {align-self:flex-start !important;}.stk-cfd7156-inner-blocks{align-items:flex-start !important;row-gap:var(--stk--preset--spacing--none, 0px) !important;}@media screen and (min-width: 768px){.stk-cfd7156 {flex:var(--stk-flex-grow, 1) 1 calc(60% - var(--stk-column-gap, 0px) * 1 \/ 2 ) !important;}}<\/style><div class=\"stk-column-wrapper stk-block-column__content stk-container stk-cfd7156-container stk--no-background stk--no-padding\"><div class=\"has-text-align-left stk--column-flex stk-block-content stk-inner-blocks stk-cfd7156-inner-blocks\">\n<h2 class=\"wp-block-heading\"><strong>Biografia<\/strong><\/h2>\n\n\n\n<p>Sono nata il 12 ottobre 1984 all&#8217;ospedale di Scuol con doppia cittadinanza svizzera-italiana\n. Ho iniziato a parlare\na Guarda in Bassa Engadina e a Milano. Prima di andare all&#8217;asilo a Domat\/Ems e a Coira, non conoscevo una\nparola di tedesco in quanto bambino italo-romeno. Ho dovuto impararlo. \n \u00e8 stata una lezione precoce: parlare con l&#8217;altro significa ascoltare, capire &#8211; e\nessere comprensibili. \u00c8 cos\u00ec che si costruisce un ponte con l&#8217;altro. Questo mi ha formato.\nHo capito presto che il mio trilinguismo e la\ndiversit\u00e0 culturale della mia famiglia sono stati un colpo di fortuna.        <\/p>\n\n\n\n<p>Ho frequentato la scuola elementare e poi il ginnasio a Coira. Sono cresciuta qui con mio fratello e i miei genitori e vivo qui ancora oggi. Al  &nbsp;Ho studiato storia, storia economica e sociale e filosofia all&#8217;<a href=\"http:\/\/www.uzh.ch\/index.html\" target=\"_blank\" rel=\"noreferrer noopener\">Universit\u00e0 di Zurigo<\/a> e mi sono laureata con una licenza. Sin dai tempi del ginnasio, ho investito molto tempo ed energie nel lavoro politico. Sono diventato consigliere comunale a Coira a 19 anni, presidente del PS dei Grigioni a 24 anni, membro del Gran Consiglio dei Grigioni a 26 anni, presidente di <a href=\"https:\/\/proalps.ch\/\">Pro Alps<\/a> (ex Iniziativa delle Alpi) a 29 anni, membro del Consiglio Nazionale a 35 anni e vicepresidente del PS svizzero a 36 anni. A 39 anni, insieme all&#8217;attuale Consigliere federale Beat Jans, sono stato candidato ufficiale alla successione del Consigliere federale Alain Berset. Oggi, oltre ai miei incarichi, sono anche presidente della <a href=\"https:\/\/www.sga-aspe.ch\/\">Societ\u00e0 Svizzera per la Politica Estera SGA-ASPE<\/a> e della <a href=\"https:\/\/www.fmr.ch\/de\/\">Fundaziun Medias Rumantschas FMR<\/a>.    <\/p>\n\n\n\n<p>Oltre alla politica e ai miei studi, ho insegnato come supplente per vivere. Ho lavorato per quasi sette anni come consulente di strategia e comunicazione presso l&#8217;agenzia zurighese &nbsp;<a href=\"http:\/\/www.feinheit.ch\/\" target=\"_blank\" rel=\"noreferrer noopener\">Feinheit AG<\/a>. Oggi sono Presidente del Consiglio di Amministrazione di Feinheit. Vivo a Coira e Berna con mia moglie e mia figlia.  <\/p>\n\n\n\n<p>I miei hobby sono leggere, viaggiare, mangiare, fare jogging e mantenere le amicizie.<\/p>\n<\/div><\/div><\/div>\n\n\n\n<div class=\"wp-block-stackable-column stk-block-column stk-column stk-block stk-5d8ef97\" data-v=\"4\" data-block-id=\"5d8ef97\"><style>.stk-5d8ef97 {align-self:flex-start !important;}.stk-5d8ef97-inner-blocks{align-items:flex-start !important;}@media screen and (min-width: 768px){.stk-5d8ef97 {flex:var(--stk-flex-grow, 1) 1 calc(40% - var(--stk-column-gap, 0px) * 1 \/ 2 ) !important;}}<\/style><div class=\"stk-column-wrapper stk-block-column__content stk-container stk-5d8ef97-container stk--no-background stk--no-padding\"><div class=\"stk--column-flex stk-block-content stk-inner-blocks stk-5d8ef97-inner-blocks\">\n<figure class=\"wp-block-image alignfull size-full is-style-default\"><img decoding=\"async\" width=\"1263\" height=\"867\" src=\"https:\/\/jonpult.ch\/wp-content\/smush-webp\/2023\/05\/Foto-UeBER-MICH-mitte.jpg.webp\" alt=\"\" class=\"wp-image-3007\" srcset=\"https:\/\/jonpult.ch\/wp-content\/smush-webp\/2023\/05\/Foto-UeBER-MICH-mitte.jpg.webp 1263w, https:\/\/jonpult.ch\/wp-content\/smush-webp\/2023\/05\/Foto-UeBER-MICH-mitte-300x206.jpg.webp 300w, https:\/\/jonpult.ch\/wp-content\/smush-webp\/2023\/05\/Foto-UeBER-MICH-mitte-1024x703.jpg.webp 1024w, https:\/\/jonpult.ch\/wp-content\/smush-webp\/2023\/05\/Foto-UeBER-MICH-mitte-768x527.jpg.webp 768w, https:\/\/jonpult.ch\/wp-content\/smush-webp\/2023\/05\/Foto-UeBER-MICH-mitte-1200x824.jpg.webp 1200w, https:\/\/jonpult.ch\/wp-content\/smush-webp\/2023\/05\/Foto-UeBER-MICH-mitte-50x34.jpg.webp 50w, https:\/\/jonpult.ch\/wp-content\/smush-webp\/2023\/05\/Foto-UeBER-MICH-mitte-73x50.jpg.webp 73w, https:\/\/jonpult.ch\/wp-content\/smush-webp\/2023\/05\/Foto-UeBER-MICH-mitte-100x69.jpg.webp 100w, https:\/\/jonpult.ch\/wp-content\/smush-webp\/2023\/05\/Foto-UeBER-MICH-mitte-146x100.jpg.webp 146w, https:\/\/jonpult.ch\/wp-content\/smush-webp\/2023\/05\/Foto-UeBER-MICH-mitte-932x640.jpg.webp 932w, https:\/\/jonpult.ch\/wp-content\/smush-webp\/2023\/05\/Foto-UeBER-MICH-mitte-640x439.jpg.webp 640w, https:\/\/jonpult.ch\/wp-content\/smush-webp\/2023\/05\/Foto-UeBER-MICH-mitte-1119x768.jpg.webp 1119w\" sizes=\"(max-width: 1263px) 100vw, 1263px\" \/><\/figure>\n<\/div><\/div><\/div>\n<\/div><\/div>\n\n\n\n<div style=\"height:50px\" aria-hidden=\"true\" class=\"wp-block-spacer\"><\/div>\n\n\n\n<div class=\"wp-block-stackable-columns alignfull stk-block-columns stk-block stk-eaff6c8 stk-block-background stk-entrance\" data-block-id=\"eaff6c8\"><style>.stk-eaff6c8 {background-color:#f2ba42 !important;align-items:flex-start !important;padding-top:75px !important;padding-right:175px !important;padding-bottom:75px !important;padding-left:175px !important;margin-bottom:0px !important;display:flex !important;--entrance-transform:translateY(0px) !important;}.stk-eaff6c8:before{background-color:#f2ba42 !important;}.stk-eaff6c8-column{--stk-column-gap:30px !important;}@media screen and (max-width: 767px){.stk-eaff6c8 {padding-top:50px !important;padding-right:20px !important;padding-bottom:50px !important;padding-left:20px !important;}}<\/style><div class=\"stk-row stk-inner-blocks stk-block-content stk-content-align stk-eaff6c8-column alignfull\">\n<div class=\"wp-block-stackable-column stk-block-column stk-column stk-block stk-d644cd6\" data-v=\"4\" data-block-id=\"d644cd6\"><style>.stk-d644cd6 {align-self:flex-start !important;}.stk-d644cd6-inner-blocks{align-items:flex-end !important;}@media screen and (min-width: 768px){.stk-d644cd6 {flex:var(--stk-flex-grow, 1) 1 calc(40% - var(--stk-column-gap, 0px) * 1 \/ 2 ) !important;}}<\/style><div class=\"stk-column-wrapper stk-block-column__content stk-container stk-d644cd6-container stk--no-background stk--no-padding\"><div class=\"stk--column-flex stk-block-content stk-inner-blocks stk-d644cd6-inner-blocks\">\n<figure class=\"wp-block-image alignfull size-full is-style-default\"><img decoding=\"async\" width=\"2560\" height=\"1707\" src=\"https:\/\/jonpult.ch\/wp-content\/smush-webp\/2023\/05\/Foto-UeBER-MICH-unten-scaled.jpg.webp\" alt=\"\" class=\"wp-image-3013\" srcset=\"https:\/\/jonpult.ch\/wp-content\/smush-webp\/2023\/05\/Foto-UeBER-MICH-unten-scaled.jpg.webp 2560w, https:\/\/jonpult.ch\/wp-content\/smush-webp\/2023\/05\/Foto-UeBER-MICH-unten-300x200.jpg.webp 300w, https:\/\/jonpult.ch\/wp-content\/smush-webp\/2023\/05\/Foto-UeBER-MICH-unten-1024x683.jpg.webp 1024w, https:\/\/jonpult.ch\/wp-content\/smush-webp\/2023\/05\/Foto-UeBER-MICH-unten-768x512.jpg.webp 768w, https:\/\/jonpult.ch\/wp-content\/smush-webp\/2023\/05\/Foto-UeBER-MICH-unten-1536x1024.jpg.webp 1536w, https:\/\/jonpult.ch\/wp-content\/smush-webp\/2023\/05\/Foto-UeBER-MICH-unten-2048x1365.jpg.webp 2048w, https:\/\/jonpult.ch\/wp-content\/smush-webp\/2023\/05\/Foto-UeBER-MICH-unten-1200x800.jpg.webp 1200w, https:\/\/jonpult.ch\/wp-content\/smush-webp\/2023\/05\/Foto-UeBER-MICH-unten-50x33.jpg.webp 50w, https:\/\/jonpult.ch\/wp-content\/smush-webp\/2023\/05\/Foto-UeBER-MICH-unten-75x50.jpg.webp 75w, https:\/\/jonpult.ch\/wp-content\/smush-webp\/2023\/05\/Foto-UeBER-MICH-unten-100x67.jpg.webp 100w, https:\/\/jonpult.ch\/wp-content\/smush-webp\/2023\/05\/Foto-UeBER-MICH-unten-150x100.jpg.webp 150w, https:\/\/jonpult.ch\/wp-content\/smush-webp\/2023\/05\/Foto-UeBER-MICH-unten-960x640.jpg.webp 960w, https:\/\/jonpult.ch\/wp-content\/smush-webp\/2023\/05\/Foto-UeBER-MICH-unten-640x427.jpg.webp 640w, https:\/\/jonpult.ch\/wp-content\/smush-webp\/2023\/05\/Foto-UeBER-MICH-unten-1152x768.jpg.webp 1152w, https:\/\/jonpult.ch\/wp-content\/smush-webp\/2023\/05\/Foto-UeBER-MICH-unten-1620x1080.jpg.webp 1620w, https:\/\/jonpult.ch\/wp-content\/smush-webp\/2023\/05\/Foto-UeBER-MICH-unten-1920x1280.jpg.webp 1920w\" sizes=\"(max-width: 2560px) 100vw, 2560px\" \/><\/figure>\n<\/div><\/div><\/div>\n\n\n\n<div class=\"wp-block-stackable-column stk-block-column stk-column stk-block stk-1a6c90a\" data-v=\"4\" data-block-id=\"1a6c90a\"><style>.stk-1a6c90a {align-self:flex-start !important;}.stk-1a6c90a-inner-blocks{align-items:flex-start !important;row-gap:var(--stk--preset--spacing--none, 0px) !important;}@media screen and (min-width: 768px){.stk-1a6c90a {flex:var(--stk-flex-grow, 1) 1 calc(60% - var(--stk-column-gap, 0px) * 1 \/ 2 ) !important;}}<\/style><div class=\"stk-column-wrapper stk-block-column__content stk-container stk-1a6c90a-container stk--no-background stk--no-padding\"><div class=\"has-text-align-left stk--column-flex stk-block-content stk-inner-blocks stk-1a6c90a-inner-blocks\">\n<h2 class=\"wp-block-heading\"><strong>I miei valori<\/strong><\/h2>\n\n\n\n<p>Costruire ponti invece di muri. Dare coraggio invece che paura. Questo \u00e8 ci\u00f2 in cui credo. Come persona, come politico e anche nel mio lavoro di consulente di strategia e comunicazione.   <\/p>\n\n\n\n<p>Sono appassionata di politica da quando avevo 18 anni. Perch\u00e9 so difendere le mie convinzioni. La mia visione \u00e8 quella di una societ\u00e0 libera, equa e coesa che protegga la nostra natura e quindi i diritti delle generazioni future.  <\/p>\n\n\n\n<p>Per me casa \u00e8 il luogo in cui ci si sente a proprio agio. Poich\u00e9 mi sento a casa quasi ovunque nel mondo, mi considero anche una cittadina del mondo. Ma nel cuore sono un grigionese europeo con radici in Engadina e in Italia.  <\/p>\n\n\n\n<p>Ci\u00f2 che mi piace della Svizzera \u00e8 la nostra eredit\u00e0 progressista e liberale dal 1848, la nostra diversit\u00e0 culturale, i nostri servizi sociali e il nostro buon servizio pubblico. Quello che non mi piace \u00e8 la nostra debole coscienza europea e la nostra inadeguata protezione ambientale. <\/p>\n\n\n\n<p>La Svizzera ha un brutto futuro se innalza muri. Se prevale il clientelismo a spese della popolazione. Se i profitti personali sono pi\u00f9 importanti di un ambiente naturale sano. O quando pochi potenti chiedono salsicce extra per s\u00e9 e per i loro amici e allo stesso tempo calpestano persone che difficilmente possono difendersi.   <\/p>\n<\/div><\/div><\/div>\n<\/div><\/div>\n","protected":false},"excerpt":{"rendered":"<p>Biografia Sono nata il 12 ottobre 1984 all&#8217;ospedale di Scuol con doppia cittadinanza svizzera-italiana . Ho iniziato a parlare a Guarda in Bassa Engadina e a Milano. Prima di andare all&#8217;asilo a Domat\/Ems e a Coira, non conoscevo una parola di tedesco in quanto bambino italo-romeno. Ho dovuto impararlo. \u00e8 stata una lezione precoce: parlare [&hellip;]<\/p>\n","protected":false},"author":1,"featured_media":0,"parent":0,"menu_order":0,"comment_status":"closed","ping_status":"closed","template":"","meta":{"_acf_changed":false,"inline_featured_image":false,"footnotes":""},"class_list":["post-215","page","type-page","status-publish","hentry"],"acf":[],"_links":{"self":[{"href":"https:\/\/jonpult.ch\/it\/wp-json\/wp\/v2\/pages\/215","targetHints":{"allow":["GET"]}}],"collection":[{"href":"https:\/\/jonpult.ch\/it\/wp-json\/wp\/v2\/pages"}],"about":[{"href":"https:\/\/jonpult.ch\/it\/wp-json\/wp\/v2\/types\/page"}],"author":[{"embeddable":true,"href":"https:\/\/jonpult.ch\/it\/wp-json\/wp\/v2\/users\/1"}],"replies":[{"embeddable":true,"href":"https:\/\/jonpult.ch\/it\/wp-json\/wp\/v2\/comments?post=215"}],"version-history":[{"count":14,"href":"https:\/\/jonpult.ch\/it\/wp-json\/wp\/v2\/pages\/215\/revisions"}],"predecessor-version":[{"id":5358,"href":"https:\/\/jonpult.ch\/it\/wp-json\/wp\/v2\/pages\/215\/revisions\/5358"}],"wp:attachment":[{"href":"https:\/\/jonpult.ch\/it\/wp-json\/wp\/v2\/media?parent=215"}],"curies":[{"name":"wp","href":"https:\/\/api.w.org\/{rel}","templated":true}]}}