{"id":705,"date":"2019-06-04T13:46:30","date_gmt":"2019-06-04T11:46:30","guid":{"rendered":"https:\/\/jonpult.ch\/?page_id=705"},"modified":"2023-09-13T12:31:19","modified_gmt":"2023-09-13T10:31:19","slug":"datenschutz-policy","status":"publish","type":"page","link":"https:\/\/jonpult.ch\/de\/datenschutz-policy\/","title":{"rendered":"Datenschutz-Policy"},"content":{"rendered":"\n<p><strong>Verantwortung und Kontakt:<\/strong> Verantwortlich f\u00fcr den Inhalt dieser Website ist Jon Pult, Engadinstrasse 19, 7000 Chur. E-Mail: <span class=\"noSpam-text\">jon@<span class=\"noSpam-at\">nospam-<\/span>jonpult.ch<\/span> <\/p>\n\n\n\n<p>Es kann jederzeit Auskunft \u00fcber die gespeicherten Daten und deren Verarbeitung verlangt werden. Zudem kann die Berichtigung unrichtiger Daten, die L\u00f6schung der gespeicherten Daten, die Einschr\u00e4nkung der Datenverarbeitung, sofern die Daten aufgrund gesetzlicher Pflichten noch nicht gel\u00f6scht werden d\u00fcrfen, den Widerspruch gegen die Verarbeitung von Daten und die Daten\u00fcbertragbarkeit, sofern in die Datenverarbeitung eingewilligt wurde oder ein Vertrag abgeschlossen wurde. Sofern eine Einwilligung erteilt wurde, kann diese jederzeit mit Wirkung f\u00fcr die Zukunft widerrufen werden.<\/p>\n\n\n\n<p><strong>Rechtsgrundlagen: <\/strong>Die Personendaten werden gem\u00e4ss dem schweizerischen Datenschutzrecht insbesondere dem Bundesgesetz \u00fcber den Datenschutz (DSG) und der Verordnung zum Bundesgesetz \u00fcber den Datenschutz (VDSG) bearbeitet.<\/p>\n\n\n\n<p><strong>Datenbearbeitung:<\/strong> Wir bearbeiten Personendaten, die erforderlich sind, um unsere Aktivit\u00e4ten und T\u00e4tigkeiten dauerhaft, nutzerfreundlich, sicher und zuverl\u00e4ssig aus\u00fcben zu k\u00f6nnen. Dabei handelt es sich insbesondere um Personendaten von Bestandes- und Kontaktdaten, Browser- und Ger\u00e4tedaten, Inhaltsdaten, Meta- bzw. Randdaten und Nutzungsdaten, Standortdaten, Verkaufsdaten sowie Vertrags- und Zahlungsdaten. Personendaten werden nur mit der Einwilligung der betroffenen Person bearbeitet. Beispielsweise wenn die betroffene Person ein Formular ausf\u00fcllt. Die Personendaten werden w\u00e4hrend jener Dauer bearbeitet, die f\u00fcr den jeweiligen Zweck bzw. die jeweiligen Zwecke oder gesetzlich erforderlich ist. Personendaten k\u00f6nnen auch durch Dritte bearbeitet werden, der Datenschutz bleibt gew\u00e4hrleistet. Bei Zugriff auf die Website, werden automatisch mittels Cookies Informationen allgemeiner Natur erfasst. Aus diesen allgemeinen Informationen k\u00f6nnen keine R\u00fcckschl\u00fcsse auf Ihre Person erfolgen.<\/p>\n\n\n\n<p><strong>Cookies:<\/strong> Es werden Cookies verwendet. Auch third-Party-Cookies k\u00f6nnen verwendet werden, also von Drittanbietern. Cookies k\u00f6nnen im Browser tempor\u00e4r als oder f\u00fcr einen bestimmten Zeitraum gespeichert werden.<\/p>\n\n\n\n<p><strong>Links:<\/strong> Diese Website kann Links zu anderen Webseiten enthalten, die nicht durch uns betrieben oder \u00fcberwacht werden. Es wird empfohlen, die Datenschutzbestimmungen der jeweiligen Webseiten zu lesen und zu pr\u00fcfen.<\/p>\n\n\n\n<p><strong>Datensicherheit \/ Schlussbestimmungen:<\/strong> Es werden geeignete technische und organisatorische Massnahmen getroffen, um eine angemessene Datensicherheit zu gew\u00e4hrleisten. Wir k\u00f6nnen aber keine absolute Datensicherheit garantieren. Die Datenschutzbestimmungen k\u00f6nnen jederzeit angepasst werden.<\/p>\n\n\n\n<p>September 2023<\/p>\n","protected":false},"excerpt":{"rendered":"<p>Verantwortung und Kontakt: Verantwortlich f\u00fcr den Inhalt dieser Website ist Jon Pult, Engadinstrasse 19, 7000 Chur. E-Mail: <span class=\"noSpam-text\">jon@<span class=\"noSpam-at\">nospam-<\/span>nospam-jonpult.ch<\/span> Es kann jederzeit Auskunft \u00fcber die gespeicherten Daten und deren Verarbeitung verlangt werden. Zudem kann die Berichtigung unrichtiger Daten, die L\u00f6schung der gespeicherten Daten, die Einschr\u00e4nkung der Datenverarbeitung, sofern die Daten aufgrund gesetzlicher Pflichten noch nicht gel\u00f6scht [&hellip;]<\/p>\n","protected":false},"author":1,"featured_media":0,"parent":0,"menu_order":0,"comment_status":"closed","ping_status":"closed","template":"","meta":{"_acf_changed":false,"inline_featured_image":false,"footnotes":""},"class_list":["post-705","page","type-page","status-publish","hentry"],"acf":[],"_links":{"self":[{"href":"https:\/\/jonpult.ch\/de\/wp-json\/wp\/v2\/pages\/705","targetHints":{"allow":["GET"]}}],"collection":[{"href":"https:\/\/jonpult.ch\/de\/wp-json\/wp\/v2\/pages"}],"about":[{"href":"https:\/\/jonpult.ch\/de\/wp-json\/wp\/v2\/types\/page"}],"author":[{"embeddable":true,"href":"https:\/\/jonpult.ch\/de\/wp-json\/wp\/v2\/users\/1"}],"replies":[{"embeddable":true,"href":"https:\/\/jonpult.ch\/de\/wp-json\/wp\/v2\/comments?post=705"}],"version-history":[{"count":2,"href":"https:\/\/jonpult.ch\/de\/wp-json\/wp\/v2\/pages\/705\/revisions"}],"predecessor-version":[{"id":3204,"href":"https:\/\/jonpult.ch\/de\/wp-json\/wp\/v2\/pages\/705\/revisions\/3204"}],"wp:attachment":[{"href":"https:\/\/jonpult.ch\/de\/wp-json\/wp\/v2\/media?parent=705"}],"curies":[{"name":"wp","href":"https:\/\/api.w.org\/{rel}","templated":true}]}}