{"id":15,"date":"2019-05-21T08:31:13","date_gmt":"2019-05-21T08:31:13","guid":{"rendered":"http:\/\/jonpult.undefiniert.ch\/?page_id=15"},"modified":"2025-08-05T08:28:40","modified_gmt":"2025-08-05T06:28:40","slug":"spenden","status":"publish","type":"page","link":"https:\/\/jonpult.ch\/de\/spenden\/","title":{"rendered":"Spenden"},"content":{"rendered":"\n<p>Jede Spende f\u00fcr die SP Graub\u00fcnden unterst\u00fctzt unseren Einsatz f\u00fcr eine soziale Schweiz. Herzlichen Dank!<\/p>\n\n\n\n<div id=\"rnw-paylink-button\"><\/div>\n<script type=\"module\">\nimport {PaylinkButton} from \"https:\/\/donate.raisenow.io\/button.js\"\nPaylinkButton.render('#rnw-paylink-button', {'solution-id': \"smvnf\", \n'solution-type': \"donate\", language: \"de\", size: \"large\", width: \n\"fixed\", 'color-scheme': \"dark\"})\n<\/script>\n","protected":false},"excerpt":{"rendered":"<p>Jede Spende f\u00fcr die SP Graub\u00fcnden unterst\u00fctzt unseren Einsatz f\u00fcr eine soziale Schweiz. Herzlichen Dank!<\/p>\n","protected":false},"author":1,"featured_media":0,"parent":0,"menu_order":0,"comment_status":"closed","ping_status":"closed","template":"templates\/donate-template.php","meta":{"_acf_changed":false,"inline_featured_image":false,"footnotes":""},"class_list":["post-15","page","type-page","status-publish","hentry"],"acf":[],"_links":{"self":[{"href":"https:\/\/jonpult.ch\/de\/wp-json\/wp\/v2\/pages\/15","targetHints":{"allow":["GET"]}}],"collection":[{"href":"https:\/\/jonpult.ch\/de\/wp-json\/wp\/v2\/pages"}],"about":[{"href":"https:\/\/jonpult.ch\/de\/wp-json\/wp\/v2\/types\/page"}],"author":[{"embeddable":true,"href":"https:\/\/jonpult.ch\/de\/wp-json\/wp\/v2\/users\/1"}],"replies":[{"embeddable":true,"href":"https:\/\/jonpult.ch\/de\/wp-json\/wp\/v2\/comments?post=15"}],"version-history":[{"count":14,"href":"https:\/\/jonpult.ch\/de\/wp-json\/wp\/v2\/pages\/15\/revisions"}],"predecessor-version":[{"id":5409,"href":"https:\/\/jonpult.ch\/de\/wp-json\/wp\/v2\/pages\/15\/revisions\/5409"}],"wp:attachment":[{"href":"https:\/\/jonpult.ch\/de\/wp-json\/wp\/v2\/media?parent=15"}],"curies":[{"name":"wp","href":"https:\/\/api.w.org\/{rel}","templated":true}]}}