{"id":129,"date":"2019-05-21T08:26:15","date_gmt":"2019-05-21T08:26:15","guid":{"rendered":"http:\/\/jonpult.undefiniert.ch\/?page_id=129"},"modified":"2025-07-28T13:38:26","modified_gmt":"2025-07-28T11:38:26","slug":"uber-mich","status":"publish","type":"page","link":"https:\/\/jonpult.ch\/de\/uber-mich\/","title":{"rendered":"\u00dcber mich"},"content":{"rendered":"\n<div class=\"wp-block-stackable-columns alignfull stk-block-columns stk-block stk-d6ae916 stk-block-background stk-entrance\" data-block-id=\"d6ae916\"><style>.stk-d6ae916 {background-color:#eef4f9 !important;align-items:center !important;padding-top:75px !important;padding-right:175px !important;padding-bottom:75px !important;padding-left:175px !important;margin-bottom:0px !important;display:flex !important;--entrance-transform:translateY(0px) !important;}.stk-d6ae916:before{background-color:#eef4f9 !important;}.stk-d6ae916-column{--stk-column-gap:30px !important;}@media screen and (max-width: 767px){.stk-d6ae916 {padding-top:50px !important;padding-right:20px !important;padding-bottom:50px !important;padding-left:20px !important;margin-right:0px !important;margin-bottom:0px !important;margin-left:0px !important;--stk-col-order-1:2 !important;--stk-col-order-2:1 !important;}}<\/style><div class=\"stk-row stk-inner-blocks stk-block-content stk-content-align stk-d6ae916-column alignfull\">\n<div class=\"wp-block-stackable-column stk-block-column stk-column stk-block stk-cfd7156\" data-v=\"4\" data-block-id=\"cfd7156\"><style>.stk-cfd7156 {align-self:flex-start !important;}.stk-cfd7156-inner-blocks{align-items:flex-start !important;row-gap:var(--stk--preset--spacing--none, 0px) !important;}@media screen and (min-width: 768px){.stk-cfd7156 {flex:var(--stk-flex-grow, 1) 1 calc(60% - var(--stk-column-gap, 0px) * 1 \/ 2 ) !important;}}<\/style><div class=\"stk-column-wrapper stk-block-column__content stk-container stk-cfd7156-container stk--no-background stk--no-padding\"><div class=\"has-text-align-left stk--column-flex stk-block-content stk-inner-blocks stk-cfd7156-inner-blocks\">\n<h2 class=\"wp-block-heading\"><strong>Biografie<\/strong><\/h2>\n\n\n\n<p>Am 12. Oktober 1984 bin ich im Spital Scuol als schweizerisch-italienischer\nDoppelb\u00fcrger geboren. In Guarda im Unterengadin und in Milano habe ich angefangen\nzu sprechen. Bevor ich in Domat\/Ems und Chur in den Kindergarten kam, konnte ich\nals italienisch-romanischer Bub kein Wort Deutsch. Ich musste es lernen. Das\nwar eine fr\u00fche Lektion: Miteinander reden heisst zuh\u00f6ren, verstehen \u2013 und\nselber verst\u00e4ndlich sein. So baut man Br\u00fccken zueinander. Das hat mich gepr\u00e4gt.\nFr\u00fch habe ich realisiert, dass meine Dreisprachigkeit und die kulturelle\nVielfalt meiner Familie ein Gl\u00fccksfall ist. <\/p>\n\n\n\n<p>In Chur habe ich die Primarschule und dann das Gymnasium besucht. Hier bin ich mit meinem Bruder und meinen Eltern aufgewachsen und hier wohne ich bis heute. An der&nbsp;<a href=\"http:\/\/www.uzh.ch\/index.html\" target=\"_blank\" rel=\"noreferrer noopener\">Universit\u00e4t Z\u00fcrich<\/a>&nbsp;habe ich Geschichte, Wirtschafts- und Sozialgeschichte sowie Philosophie studiert und mit dem Lizenziat abgeschlossen. Seit meiner Zeit als Gymnasiast habe ich sehr viel Zeit und Energie in die politische Arbeit investiert. Mit 19 wurde ich Churer Gemeinderat, mit 24 Pr\u00e4sident der SP Graub\u00fcnden, mit 26 B\u00fcndner Grossrat, mit 29 Pr\u00e4sident von <a href=\"https:\/\/proalps.ch\/\">Pro Alps<\/a> (vormals Alpen-Initiative), mit 35 Nationalrat und mit 36 Vizepr\u00e4sident der SP Schweiz. Mit 39 war ich zusammen mit dem heutigen Bundesrat Beat Jans offizieller Kandidat f\u00fcr die Nachfolge von Bundesrat Alain Berset. Heute darf ich zus\u00e4tzlich zu den anderen Aufgaben die <a href=\"https:\/\/www.sga-aspe.ch\/\">Schweizerische Gesellschaft f\u00fcr Aussenpolitik SGA-ASPE<\/a> und die <a href=\"https:\/\/www.fmr.ch\/de\/\">Fundaziun Medias Rumantschas FMR<\/a> pr\u00e4sidieren.<\/p>\n\n\n\n<p>Als Broterwerb habe ich neben der Politik und dem Studium als Aushilfs- und Stellvertretungslehrperson unterrichtet. Fast sieben Jahre habe ich als Strategie- und Kommunikationsberater bei der Z\u00fcrcher Agentur&nbsp;<a href=\"http:\/\/www.feinheit.ch\/\" target=\"_blank\" rel=\"noreferrer noopener\">Feinheit AG<\/a> gearbeitet. Heute bin ich Verwaltungsratspr\u00e4sident von Feinheit. Ich lebe in Chur und Bern mit meiner Ehefrau und meiner Tochter.<\/p>\n\n\n\n<p>Meine Hobbys sind lesen, reisen, essen, joggen und Freundschaften pflegen.<\/p>\n<\/div><\/div><\/div>\n\n\n\n<div class=\"wp-block-stackable-column stk-block-column stk-column stk-block stk-5d8ef97\" data-v=\"4\" data-block-id=\"5d8ef97\"><style>.stk-5d8ef97 {align-self:flex-start !important;}.stk-5d8ef97-inner-blocks{align-items:flex-start !important;}@media screen and (min-width: 768px){.stk-5d8ef97 {flex:var(--stk-flex-grow, 1) 1 calc(40% - var(--stk-column-gap, 0px) * 1 \/ 2 ) !important;}}<\/style><div class=\"stk-column-wrapper stk-block-column__content stk-container stk-5d8ef97-container stk--no-background stk--no-padding\"><div class=\"stk--column-flex stk-block-content stk-inner-blocks stk-5d8ef97-inner-blocks\">\n<figure class=\"wp-block-image alignfull size-full is-style-default\"><img decoding=\"async\" width=\"1263\" height=\"867\" src=\"https:\/\/jonpult.ch\/wp-content\/smush-webp\/2023\/05\/Foto-UeBER-MICH-mitte.jpg.webp\" alt=\"\" class=\"wp-image-3007\" srcset=\"https:\/\/jonpult.ch\/wp-content\/smush-webp\/2023\/05\/Foto-UeBER-MICH-mitte.jpg.webp 1263w, https:\/\/jonpult.ch\/wp-content\/smush-webp\/2023\/05\/Foto-UeBER-MICH-mitte-300x206.jpg.webp 300w, https:\/\/jonpult.ch\/wp-content\/smush-webp\/2023\/05\/Foto-UeBER-MICH-mitte-1024x703.jpg.webp 1024w, https:\/\/jonpult.ch\/wp-content\/smush-webp\/2023\/05\/Foto-UeBER-MICH-mitte-768x527.jpg.webp 768w, https:\/\/jonpult.ch\/wp-content\/smush-webp\/2023\/05\/Foto-UeBER-MICH-mitte-1200x824.jpg.webp 1200w, https:\/\/jonpult.ch\/wp-content\/smush-webp\/2023\/05\/Foto-UeBER-MICH-mitte-50x34.jpg.webp 50w, https:\/\/jonpult.ch\/wp-content\/smush-webp\/2023\/05\/Foto-UeBER-MICH-mitte-73x50.jpg.webp 73w, https:\/\/jonpult.ch\/wp-content\/smush-webp\/2023\/05\/Foto-UeBER-MICH-mitte-100x69.jpg.webp 100w, https:\/\/jonpult.ch\/wp-content\/smush-webp\/2023\/05\/Foto-UeBER-MICH-mitte-146x100.jpg.webp 146w, https:\/\/jonpult.ch\/wp-content\/smush-webp\/2023\/05\/Foto-UeBER-MICH-mitte-932x640.jpg.webp 932w, https:\/\/jonpult.ch\/wp-content\/smush-webp\/2023\/05\/Foto-UeBER-MICH-mitte-640x439.jpg.webp 640w, https:\/\/jonpult.ch\/wp-content\/smush-webp\/2023\/05\/Foto-UeBER-MICH-mitte-1119x768.jpg.webp 1119w\" sizes=\"(max-width: 1263px) 100vw, 1263px\" \/><\/figure>\n<\/div><\/div><\/div>\n<\/div><\/div>\n\n\n\n<div style=\"height:50px\" aria-hidden=\"true\" class=\"wp-block-spacer\"><\/div>\n\n\n\n<div class=\"wp-block-stackable-columns alignfull stk-block-columns stk-block stk-eaff6c8 stk-block-background stk-entrance\" data-block-id=\"eaff6c8\"><style>.stk-eaff6c8 {background-color:#f2ba42 !important;align-items:flex-start !important;padding-top:75px !important;padding-right:175px !important;padding-bottom:75px !important;padding-left:175px !important;margin-bottom:0px !important;display:flex !important;--entrance-transform:translateY(0px) !important;}.stk-eaff6c8:before{background-color:#f2ba42 !important;}.stk-eaff6c8-column{--stk-column-gap:30px !important;}@media screen and (max-width: 767px){.stk-eaff6c8 {padding-top:50px !important;padding-right:20px !important;padding-bottom:50px !important;padding-left:20px !important;}}<\/style><div class=\"stk-row stk-inner-blocks stk-block-content stk-content-align stk-eaff6c8-column alignfull\">\n<div class=\"wp-block-stackable-column stk-block-column stk-column stk-block stk-d644cd6\" data-v=\"4\" data-block-id=\"d644cd6\"><style>.stk-d644cd6 {align-self:flex-start !important;}.stk-d644cd6-inner-blocks{align-items:flex-end !important;}@media screen and (min-width: 768px){.stk-d644cd6 {flex:var(--stk-flex-grow, 1) 1 calc(40% - var(--stk-column-gap, 0px) * 1 \/ 2 ) !important;}}<\/style><div class=\"stk-column-wrapper stk-block-column__content stk-container stk-d644cd6-container stk--no-background stk--no-padding\"><div class=\"stk--column-flex stk-block-content stk-inner-blocks stk-d644cd6-inner-blocks\">\n<figure class=\"wp-block-image alignfull size-full is-style-default\"><img decoding=\"async\" width=\"2560\" height=\"1707\" src=\"https:\/\/jonpult.ch\/wp-content\/smush-webp\/2023\/05\/Foto-UeBER-MICH-unten-scaled.jpg.webp\" alt=\"\" class=\"wp-image-3013\" srcset=\"https:\/\/jonpult.ch\/wp-content\/smush-webp\/2023\/05\/Foto-UeBER-MICH-unten-scaled.jpg.webp 2560w, https:\/\/jonpult.ch\/wp-content\/smush-webp\/2023\/05\/Foto-UeBER-MICH-unten-300x200.jpg.webp 300w, https:\/\/jonpult.ch\/wp-content\/smush-webp\/2023\/05\/Foto-UeBER-MICH-unten-1024x683.jpg.webp 1024w, https:\/\/jonpult.ch\/wp-content\/smush-webp\/2023\/05\/Foto-UeBER-MICH-unten-768x512.jpg.webp 768w, https:\/\/jonpult.ch\/wp-content\/smush-webp\/2023\/05\/Foto-UeBER-MICH-unten-1536x1024.jpg.webp 1536w, https:\/\/jonpult.ch\/wp-content\/smush-webp\/2023\/05\/Foto-UeBER-MICH-unten-2048x1365.jpg.webp 2048w, https:\/\/jonpult.ch\/wp-content\/smush-webp\/2023\/05\/Foto-UeBER-MICH-unten-1200x800.jpg.webp 1200w, https:\/\/jonpult.ch\/wp-content\/smush-webp\/2023\/05\/Foto-UeBER-MICH-unten-50x33.jpg.webp 50w, https:\/\/jonpult.ch\/wp-content\/smush-webp\/2023\/05\/Foto-UeBER-MICH-unten-75x50.jpg.webp 75w, https:\/\/jonpult.ch\/wp-content\/smush-webp\/2023\/05\/Foto-UeBER-MICH-unten-100x67.jpg.webp 100w, https:\/\/jonpult.ch\/wp-content\/smush-webp\/2023\/05\/Foto-UeBER-MICH-unten-150x100.jpg.webp 150w, https:\/\/jonpult.ch\/wp-content\/smush-webp\/2023\/05\/Foto-UeBER-MICH-unten-960x640.jpg.webp 960w, https:\/\/jonpult.ch\/wp-content\/smush-webp\/2023\/05\/Foto-UeBER-MICH-unten-640x427.jpg.webp 640w, https:\/\/jonpult.ch\/wp-content\/smush-webp\/2023\/05\/Foto-UeBER-MICH-unten-1152x768.jpg.webp 1152w, https:\/\/jonpult.ch\/wp-content\/smush-webp\/2023\/05\/Foto-UeBER-MICH-unten-1620x1080.jpg.webp 1620w, https:\/\/jonpult.ch\/wp-content\/smush-webp\/2023\/05\/Foto-UeBER-MICH-unten-1920x1280.jpg.webp 1920w\" sizes=\"(max-width: 2560px) 100vw, 2560px\" \/><\/figure>\n<\/div><\/div><\/div>\n\n\n\n<div class=\"wp-block-stackable-column stk-block-column stk-column stk-block stk-1a6c90a\" data-v=\"4\" data-block-id=\"1a6c90a\"><style>.stk-1a6c90a {align-self:flex-start !important;}.stk-1a6c90a-inner-blocks{align-items:flex-start !important;row-gap:var(--stk--preset--spacing--none, 0px) !important;}@media screen and (min-width: 768px){.stk-1a6c90a {flex:var(--stk-flex-grow, 1) 1 calc(60% - var(--stk-column-gap, 0px) * 1 \/ 2 ) !important;}}<\/style><div class=\"stk-column-wrapper stk-block-column__content stk-container stk-1a6c90a-container stk--no-background stk--no-padding\"><div class=\"has-text-align-left stk--column-flex stk-block-content stk-inner-blocks stk-1a6c90a-inner-blocks\">\n<h2 class=\"wp-block-heading\"><strong>Meine Werte<\/strong><\/h2>\n\n\n\n<p>Br\u00fccken statt Mauern bauen. Mut statt Angst machen. Daran glaube ich. Als Mensch, als Politiker und auch in meinem Beruf als Strategie- und Kommunikationsberater.<\/p>\n\n\n\n<p>Seit ich 18 bin, brenne ich f\u00fcr Politik. Weil ich mich da f\u00fcr meine \u00dcberzeugungen einsetzen kann. Meine Vision ist eine freie, gerechte und solidarische Gesellschaft, die unsere Natur und damit die Rechte der kommenden Generationen sch\u00fctzt.<\/p>\n\n\n\n<p>Heimat ist f\u00fcr mich dort, wo man sich wohl f\u00fchlt. Da ich mich fast \u00fcberall auf der Welt wohl f\u00fchle, verstehe ich mich auch als Weltb\u00fcrger. Aber im Herzen bin ich europ\u00e4ischer B\u00fcndner mit Wurzeln im Engadin und in Italien.<\/p>\n\n\n\n<p>An der Schweiz mag ich unser fortschrittliches und liberales Erbe seit 1848, unsere kulturelle Vielfalt, die Sozialwerke und den guten Service Public. Was ich nicht mag, ist unser schwaches europ\u00e4isches Bewusstsein und unseren ungen\u00fcgenden Umweltschutz.<\/p>\n\n\n\n<p>Eine schlechte Zukunft hat die Schweiz, wenn sie Mauern hochzieht. Wenn sich der Geld-Kl\u00fcngel auf Kosten der Bev\u00f6lkerung durchsetzt. Wenn die pers\u00f6nlichen Profite wichtiger sind als eine gesunde Natur. Oder wenn ein paar M\u00e4chtige f\u00fcr sich und ihre Freunde Extraw\u00fcrste fordern und gleichzeitig auf Menschen herumtrampeln, die sich kaum wehren k\u00f6nnen.<\/p>\n<\/div><\/div><\/div>\n<\/div><\/div>\n","protected":false},"excerpt":{"rendered":"<p>Biografie Am 12. Oktober 1984 bin ich im Spital Scuol als schweizerisch-italienischer Doppelb\u00fcrger geboren. In Guarda im Unterengadin und in Milano habe ich angefangen zu sprechen. Bevor ich in Domat\/Ems und Chur in den Kindergarten kam, konnte ich als italienisch-romanischer Bub kein Wort Deutsch. Ich musste es lernen. Das war eine fr\u00fche Lektion: Miteinander reden [&hellip;]<\/p>\n","protected":false},"author":1,"featured_media":0,"parent":0,"menu_order":0,"comment_status":"closed","ping_status":"closed","template":"","meta":{"_acf_changed":false,"inline_featured_image":false,"footnotes":""},"class_list":["post-129","page","type-page","status-publish","hentry"],"acf":[],"_links":{"self":[{"href":"https:\/\/jonpult.ch\/de\/wp-json\/wp\/v2\/pages\/129","targetHints":{"allow":["GET"]}}],"collection":[{"href":"https:\/\/jonpult.ch\/de\/wp-json\/wp\/v2\/pages"}],"about":[{"href":"https:\/\/jonpult.ch\/de\/wp-json\/wp\/v2\/types\/page"}],"author":[{"embeddable":true,"href":"https:\/\/jonpult.ch\/de\/wp-json\/wp\/v2\/users\/1"}],"replies":[{"embeddable":true,"href":"https:\/\/jonpult.ch\/de\/wp-json\/wp\/v2\/comments?post=129"}],"version-history":[{"count":47,"href":"https:\/\/jonpult.ch\/de\/wp-json\/wp\/v2\/pages\/129\/revisions"}],"predecessor-version":[{"id":5357,"href":"https:\/\/jonpult.ch\/de\/wp-json\/wp\/v2\/pages\/129\/revisions\/5357"}],"wp:attachment":[{"href":"https:\/\/jonpult.ch\/de\/wp-json\/wp\/v2\/media?parent=129"}],"curies":[{"name":"wp","href":"https:\/\/api.w.org\/{rel}","templated":true}]}}